{"id":48,"date":"2021-11-04T17:19:54","date_gmt":"2021-11-04T16:19:54","guid":{"rendered":"http:\/\/www.manekinekoparis.fr\/?page_id=48"},"modified":"2024-09-05T18:45:19","modified_gmt":"2024-09-05T16:45:19","slug":"tarifs","status":"publish","type":"page","link":"https:\/\/www.manekinekoparis.fr\/index.php\/tarifs\/","title":{"rendered":"Tarifs"},"content":{"rendered":"\n<p>Je me d\u00e9place pour des cours \u00e0 domicile dans la r\u00e9gion parisienne. Le premier cours est offert. Les frais de d\u00e9placement sont inclus.<\/p>\n\n\n\n<ul class=\"wp-block-list\">\n<li>50 \u20ac \/ h sans engagement dans la dur\u00e9e<\/li>\n\n\n\n<li>400 \u20ac \/ 10h formule d\u00e9couverte<\/li>\n\n\n\n<li>500 \u20ac \/ 10h formule <em>nihongo<\/em> en famille*<\/li>\n<\/ul>\n\n\n\n<p>Pour les formules, mon agr\u00e9ment pr\u00e9fectoral vous permet de b\u00e9n\u00e9ficier d\u2019une r\u00e9duction ou cr\u00e9dit d\u2019imp\u00f4t sur 50% des sommes vers\u00e9es pour vos cours. Si vous remplissez les conditions, au final les cours vous co\u00fbteront :<\/p>\n\n\n\n<p><\/p>\n\n\n\n<ul class=\"wp-block-list\">\n<li>200 \u20ac \/ 10h formule d\u00e9couverte<\/li>\n\n\n\n<li>250 \u20ac \/ 10h formule <em>nihongo<\/em> en famille*<\/li>\n<\/ul>\n\n\n\n<p>* un cours en commun pour une fratrie, un couple ou toute la famille.<\/p>\n\n\n\n<p>Cours particuliers de japonais \u00e0 domicile \u2014 Paris et r\u00e9gion parisienne<\/p>\n","protected":false},"excerpt":{"rendered":"<p>Je me d\u00e9place pour des cours \u00e0 domicile dans la r\u00e9gion parisienne. Le premier cours est offert. Les frais de d\u00e9placement sont inclus. Pour les formules, mon agr\u00e9ment pr\u00e9fectoral vous permet de b\u00e9n\u00e9ficier d\u2019une r\u00e9duction ou cr\u00e9dit d\u2019imp\u00f4t sur 50% des sommes vers\u00e9es pour vos cours. Si vous remplissez les conditions, au final les cours &hellip; <\/p>\n<p class=\"link-more\"><a href=\"https:\/\/www.manekinekoparis.fr\/index.php\/tarifs\/\" class=\"more-link\">Continue reading<span class=\"screen-reader-text\"> &#8220;Tarifs&#8221;<\/span><\/a><\/p>\n","protected":false},"author":1,"featured_media":0,"parent":0,"menu_order":0,"comment_status":"closed","ping_status":"closed","template":"","meta":{"footnotes":""},"class_list":["post-48","page","type-page","status-publish","hentry"],"_links":{"self":[{"href":"https:\/\/www.manekinekoparis.fr\/index.php\/wp-json\/wp\/v2\/pages\/48"}],"collection":[{"href":"https:\/\/www.manekinekoparis.fr\/index.php\/wp-json\/wp\/v2\/pages"}],"about":[{"href":"https:\/\/www.manekinekoparis.fr\/index.php\/wp-json\/wp\/v2\/types\/page"}],"author":[{"embeddable":true,"href":"https:\/\/www.manekinekoparis.fr\/index.php\/wp-json\/wp\/v2\/users\/1"}],"replies":[{"embeddable":true,"href":"https:\/\/www.manekinekoparis.fr\/index.php\/wp-json\/wp\/v2\/comments?post=48"}],"version-history":[{"count":10,"href":"https:\/\/www.manekinekoparis.fr\/index.php\/wp-json\/wp\/v2\/pages\/48\/revisions"}],"predecessor-version":[{"id":170,"href":"https:\/\/www.manekinekoparis.fr\/index.php\/wp-json\/wp\/v2\/pages\/48\/revisions\/170"}],"wp:attachment":[{"href":"https:\/\/www.manekinekoparis.fr\/index.php\/wp-json\/wp\/v2\/media?parent=48"}],"curies":[{"name":"wp","href":"https:\/\/api.w.org\/{rel}","templated":true}]}}